{"id":4429,"date":"2024-12-10T17:07:51","date_gmt":"2024-12-10T17:07:51","guid":{"rendered":"https:\/\/fimfio.com\/?post_type=product&#038;p=4429"},"modified":"2024-12-10T17:11:12","modified_gmt":"2024-12-10T17:11:12","slug":"top-subtilis-b-b","status":"publish","type":"product","link":"https:\/\/fimfio.com\/en\/product\/top-subtilis-b-b\/","title":{"rendered":"Top &#8218;SUBTILIS&#8216; b-b"},"content":{"rendered":"<p>All tops are ONE SIZE. For a size reference, you can find photos here: <a href=\"https:\/\/fimfio.com\/en\/sizes\/\">https:\/\/fimfio.com\/sizes\/<\/a><\/p>\n<p>MASSE: Breite 39,5cm &#8212; L\u00e4nge 24,5cm &#8212; Tr\u00e4gerl\u00e4nge 17cm<\/p>\n<p>MATERIAL: 100% Garnreste (60% Merino Wolle, 28% Baby Alpaca, 12% Polyamide)<\/p>\n<p>CARE: Machine wash at 30\u00b0C on a wool cycle with wool detergent (for more care tips, click here: <a href=\"https:\/\/fimfio.com\/en\/how-to-care\/\">https:\/\/fimfio.com\/how-to-care\/<\/a>)<\/p>\n<p>We consciously decided against placing a label on our products because we believe that the value of an item lies in the craftsmanship and the product itself, not in the brand name. Therefore, each of our tops has an informative hangtag attached, providing you with all the important details. Additionally, there is a small, subtly embroidered 'i' on the back of each top, clearly indicating which side is the back. <span class=\"ILfuVd\" lang=\"de\"><span class=\"hgKElc\">\u2665<\/span><\/span><\/p>","protected":false},"excerpt":{"rendered":"<p>Our tops are the perfect finishing touch for your outfit. The soft and skin-friendly merino wool provides a luxuriously smooth feel, and the high-quality craftsmanship ensures long-lasting enjoyment of this piece. The top is reversible, so it can be worn on both sides and offers versatile styling options: on colder days over a long sleeve, or simply on its own when it's warm. And the best part: it's one of a kind!<\/p>\n<p>Designed &amp; handmade in Duisburg <span class=\"ILfuVd\" lang=\"de\"><span class=\"hgKElc\">\u2665<\/span><\/span><\/p>","protected":false},"featured_media":4432,"comment_status":"closed","ping_status":"closed","template":"","meta":{"_surecart_dashboard_logo_width":"180px","_surecart_dashboard_show_logo":true,"_surecart_dashboard_navigation_orders":true,"_surecart_dashboard_navigation_invoices":true,"_surecart_dashboard_navigation_subscriptions":true,"_surecart_dashboard_navigation_downloads":true,"_surecart_dashboard_navigation_billing":true,"_surecart_dashboard_navigation_account":true,"_uag_custom_page_level_css":"","site-sidebar-layout":"default","site-content-layout":"","ast-site-content-layout":"default","site-content-style":"default","site-sidebar-style":"default","ast-global-header-display":"","ast-banner-title-visibility":"","ast-main-header-display":"","ast-hfb-above-header-display":"","ast-hfb-below-header-display":"","ast-hfb-mobile-header-display":"","site-post-title":"","ast-breadcrumbs-content":"","ast-featured-img":"","footer-sml-layout":"","theme-transparent-header-meta":"default","adv-header-id-meta":"","stick-header-meta":"","header-above-stick-meta":"","header-main-stick-meta":"","header-below-stick-meta":"","astra-migrate-meta-layouts":"set","ast-page-background-enabled":"default","ast-page-background-meta":{"desktop":{"background-color":"","background-image":"","background-repeat":"repeat","background-position":"center center","background-size":"auto","background-attachment":"scroll","background-type":"","background-media":"","overlay-type":"","overlay-color":"","overlay-opacity":"","overlay-gradient":""},"tablet":{"background-color":"","background-image":"","background-repeat":"repeat","background-position":"center center","background-size":"auto","background-attachment":"scroll","background-type":"","background-media":"","overlay-type":"","overlay-color":"","overlay-opacity":"","overlay-gradient":""},"mobile":{"background-color":"","background-image":"","background-repeat":"repeat","background-position":"center center","background-size":"auto","background-attachment":"scroll","background-type":"","background-media":"","overlay-type":"","overlay-color":"","overlay-opacity":"","overlay-gradient":""}},"ast-content-background-meta":{"desktop":{"background-color":"var(--ast-global-color-5)","background-image":"","background-repeat":"repeat","background-position":"center center","background-size":"auto","background-attachment":"scroll","background-type":"","background-media":"","overlay-type":"","overlay-color":"","overlay-opacity":"","overlay-gradient":""},"tablet":{"background-color":"var(--ast-global-color-5)","background-image":"","background-repeat":"repeat","background-position":"center center","background-size":"auto","background-attachment":"scroll","background-type":"","background-media":"","overlay-type":"","overlay-color":"","overlay-opacity":"","overlay-gradient":""},"mobile":{"background-color":"var(--ast-global-color-5)","background-image":"","background-repeat":"repeat","background-position":"center center","background-size":"auto","background-attachment":"scroll","background-type":"","background-media":"","overlay-type":"","overlay-color":"","overlay-opacity":"","overlay-gradient":""}}},"product_brand":[],"product_cat":[38],"product_tag":[],"class_list":{"0":"post-4429","1":"product","2":"type-product","3":"status-publish","4":"has-post-thumbnail","6":"product_cat-tops","7":"product_shipping_class-maxibrief-karton-25x35x5","8":"desktop-align-left","9":"tablet-align-left","10":"mobile-align-left","12":"first","13":"instock","14":"sold-individually","15":"shipping-taxable","16":"purchasable","17":"product-type-simple"},"yoast_head":"<!-- This site is optimized with the Yoast SEO plugin v27.4 - https:\/\/yoast.com\/product\/yoast-seo-wordpress\/ -->\n<title>Top &#039;SUBTILIS&#039; b-b - FIMFIO<\/title>\n<meta name=\"robots\" content=\"index, follow, max-snippet:-1, max-image-preview:large, max-video-preview:-1\" \/>\n<link rel=\"canonical\" href=\"https:\/\/fimfio.com\/en\/product\/top-subtilis-b-b\/\" \/>\n<meta property=\"og:locale\" content=\"en_GB\" \/>\n<meta property=\"og:type\" content=\"article\" \/>\n<meta property=\"og:title\" content=\"Top &#039;SUBTILIS&#039; b-b - FIMFIO\" \/>\n<meta property=\"og:description\" content=\"Unsere Tops sind das perfekte i-T\u00fcpfelchen f\u00fcr dein Outfit. Die weiche und hautfreundliche Merinowolle sorgt f\u00fcr ein luxuri\u00f6s weiches Tragegef\u00fchl und die hochwertige Verarbeitung garantiert lange Freude an diesem Kleidungsst\u00fcck. Das Top ist ein Wendetop, also beidseitig tragbar und bietet vielseitige Kombinationsm\u00f6glichkeiten: An kalten Tagen \u00fcber zum Beispiel einem Longsleeve, an warmen Tagen einfach solo. Und das Beste: Es ist einzigartig!  Designed &amp; handmade in Duisburg \u2665\" \/>\n<meta property=\"og:url\" content=\"https:\/\/fimfio.com\/en\/product\/top-subtilis-b-b\/\" \/>\n<meta property=\"og:site_name\" content=\"FIMFIO\" \/>\n<meta property=\"article:modified_time\" content=\"2024-12-10T17:11:12+00:00\" \/>\n<meta property=\"og:image\" content=\"https:\/\/fimfio.com\/wp-content\/uploads\/2024\/12\/PXL_20241210_120423454-rotated.jpg\" \/>\n\t<meta property=\"og:image:width\" content=\"1920\" \/>\n\t<meta property=\"og:image:height\" content=\"2560\" \/>\n\t<meta property=\"og:image:type\" content=\"image\/jpeg\" \/>\n<meta name=\"twitter:card\" content=\"summary_large_image\" \/>\n<meta name=\"twitter:label1\" content=\"Estimated reading time\" \/>\n\t<meta name=\"twitter:data1\" content=\"1 minute\" \/>\n<script type=\"application\/ld+json\" class=\"yoast-schema-graph\">{\"@context\":\"https:\\\/\\\/schema.org\",\"@graph\":[{\"@type\":\"WebPage\",\"@id\":\"https:\\\/\\\/fimfio.com\\\/produkt\\\/top-subtilis-b-b\\\/\",\"url\":\"https:\\\/\\\/fimfio.com\\\/produkt\\\/top-subtilis-b-b\\\/\",\"name\":\"Top 'SUBTILIS' b-b - FIMFIO\",\"isPartOf\":{\"@id\":\"https:\\\/\\\/fimfio.com\\\/#website\"},\"primaryImageOfPage\":{\"@id\":\"https:\\\/\\\/fimfio.com\\\/produkt\\\/top-subtilis-b-b\\\/#primaryimage\"},\"image\":{\"@id\":\"https:\\\/\\\/fimfio.com\\\/produkt\\\/top-subtilis-b-b\\\/#primaryimage\"},\"thumbnailUrl\":\"https:\\\/\\\/fimfio.com\\\/wp-content\\\/uploads\\\/2024\\\/12\\\/PXL_20241210_120423454-rotated.jpg\",\"datePublished\":\"2024-12-10T17:07:51+00:00\",\"dateModified\":\"2024-12-10T17:11:12+00:00\",\"breadcrumb\":{\"@id\":\"https:\\\/\\\/fimfio.com\\\/produkt\\\/top-subtilis-b-b\\\/#breadcrumb\"},\"inLanguage\":\"en-GB\",\"potentialAction\":[{\"@type\":\"ReadAction\",\"target\":[\"https:\\\/\\\/fimfio.com\\\/produkt\\\/top-subtilis-b-b\\\/\"]}]},{\"@type\":\"ImageObject\",\"inLanguage\":\"en-GB\",\"@id\":\"https:\\\/\\\/fimfio.com\\\/produkt\\\/top-subtilis-b-b\\\/#primaryimage\",\"url\":\"https:\\\/\\\/fimfio.com\\\/wp-content\\\/uploads\\\/2024\\\/12\\\/PXL_20241210_120423454-rotated.jpg\",\"contentUrl\":\"https:\\\/\\\/fimfio.com\\\/wp-content\\\/uploads\\\/2024\\\/12\\\/PXL_20241210_120423454-rotated.jpg\",\"width\":1920,\"height\":2560},{\"@type\":\"BreadcrumbList\",\"@id\":\"https:\\\/\\\/fimfio.com\\\/produkt\\\/top-subtilis-b-b\\\/#breadcrumb\",\"itemListElement\":[{\"@type\":\"ListItem\",\"position\":1,\"name\":\"Startseite\",\"item\":\"https:\\\/\\\/fimfio.com\\\/\"},{\"@type\":\"ListItem\",\"position\":2,\"name\":\"Shop\",\"item\":\"https:\\\/\\\/fimfio.com\\\/shop-2\\\/\"},{\"@type\":\"ListItem\",\"position\":3,\"name\":\"Top &#8218;SUBTILIS&#8216; b-b\"}]},{\"@type\":\"WebSite\",\"@id\":\"https:\\\/\\\/fimfio.com\\\/#website\",\"url\":\"https:\\\/\\\/fimfio.com\\\/\",\"name\":\"FIMFIO\",\"description\":\"Save Waste Knitwear\",\"potentialAction\":[{\"@type\":\"SearchAction\",\"target\":{\"@type\":\"EntryPoint\",\"urlTemplate\":\"https:\\\/\\\/fimfio.com\\\/?s={search_term_string}\"},\"query-input\":{\"@type\":\"PropertyValueSpecification\",\"valueRequired\":true,\"valueName\":\"search_term_string\"}}],\"inLanguage\":\"en-GB\"}]}<\/script>\n<!-- \/ Yoast SEO plugin. -->","yoast_head_json":{"title":"Top 'SUBTILIS' b-b - FIMFIO","robots":{"index":"index","follow":"follow","max-snippet":"max-snippet:-1","max-image-preview":"max-image-preview:large","max-video-preview":"max-video-preview:-1"},"canonical":"https:\/\/fimfio.com\/en\/product\/top-subtilis-b-b\/","og_locale":"en_GB","og_type":"article","og_title":"Top 'SUBTILIS' b-b - FIMFIO","og_description":"Unsere Tops sind das perfekte i-T\u00fcpfelchen f\u00fcr dein Outfit. Die weiche und hautfreundliche Merinowolle sorgt f\u00fcr ein luxuri\u00f6s weiches Tragegef\u00fchl und die hochwertige Verarbeitung garantiert lange Freude an diesem Kleidungsst\u00fcck. Das Top ist ein Wendetop, also beidseitig tragbar und bietet vielseitige Kombinationsm\u00f6glichkeiten: An kalten Tagen \u00fcber zum Beispiel einem Longsleeve, an warmen Tagen einfach solo. Und das Beste: Es ist einzigartig!  Designed &amp; handmade in Duisburg \u2665","og_url":"https:\/\/fimfio.com\/en\/product\/top-subtilis-b-b\/","og_site_name":"FIMFIO","article_modified_time":"2024-12-10T17:11:12+00:00","og_image":[{"width":1920,"height":2560,"url":"https:\/\/fimfio.com\/wp-content\/uploads\/2024\/12\/PXL_20241210_120423454-rotated.jpg","type":"image\/jpeg"}],"twitter_card":"summary_large_image","twitter_misc":{"Estimated reading time":"1 minute"},"schema":{"@context":"https:\/\/schema.org","@graph":[{"@type":"WebPage","@id":"https:\/\/fimfio.com\/produkt\/top-subtilis-b-b\/","url":"https:\/\/fimfio.com\/produkt\/top-subtilis-b-b\/","name":"Top 'SUBTILIS' b-b - FIMFIO","isPartOf":{"@id":"https:\/\/fimfio.com\/#website"},"primaryImageOfPage":{"@id":"https:\/\/fimfio.com\/produkt\/top-subtilis-b-b\/#primaryimage"},"image":{"@id":"https:\/\/fimfio.com\/produkt\/top-subtilis-b-b\/#primaryimage"},"thumbnailUrl":"https:\/\/fimfio.com\/wp-content\/uploads\/2024\/12\/PXL_20241210_120423454-rotated.jpg","datePublished":"2024-12-10T17:07:51+00:00","dateModified":"2024-12-10T17:11:12+00:00","breadcrumb":{"@id":"https:\/\/fimfio.com\/produkt\/top-subtilis-b-b\/#breadcrumb"},"inLanguage":"en-GB","potentialAction":[{"@type":"ReadAction","target":["https:\/\/fimfio.com\/produkt\/top-subtilis-b-b\/"]}]},{"@type":"ImageObject","inLanguage":"en-GB","@id":"https:\/\/fimfio.com\/produkt\/top-subtilis-b-b\/#primaryimage","url":"https:\/\/fimfio.com\/wp-content\/uploads\/2024\/12\/PXL_20241210_120423454-rotated.jpg","contentUrl":"https:\/\/fimfio.com\/wp-content\/uploads\/2024\/12\/PXL_20241210_120423454-rotated.jpg","width":1920,"height":2560},{"@type":"BreadcrumbList","@id":"https:\/\/fimfio.com\/produkt\/top-subtilis-b-b\/#breadcrumb","itemListElement":[{"@type":"ListItem","position":1,"name":"Startseite","item":"https:\/\/fimfio.com\/"},{"@type":"ListItem","position":2,"name":"Shop","item":"https:\/\/fimfio.com\/shop-2\/"},{"@type":"ListItem","position":3,"name":"Top &#8218;SUBTILIS&#8216; b-b"}]},{"@type":"WebSite","@id":"https:\/\/fimfio.com\/#website","url":"https:\/\/fimfio.com\/","name":"FIMFIO","description":"Save Waste Knitwear","potentialAction":[{"@type":"SearchAction","target":{"@type":"EntryPoint","urlTemplate":"https:\/\/fimfio.com\/?s={search_term_string}"},"query-input":{"@type":"PropertyValueSpecification","valueRequired":true,"valueName":"search_term_string"}}],"inLanguage":"en-GB"}]}},"uagb_featured_image_src":{"full":["https:\/\/fimfio.com\/wp-content\/uploads\/2024\/12\/PXL_20241210_120423454-rotated.jpg",1920,2560,false],"thumbnail":["https:\/\/fimfio.com\/wp-content\/uploads\/2024\/12\/PXL_20241210_120423454-150x150.jpg",150,150,true],"medium":["https:\/\/fimfio.com\/wp-content\/uploads\/2024\/12\/PXL_20241210_120423454-225x300.jpg",225,300,true],"medium_large":["https:\/\/fimfio.com\/wp-content\/uploads\/2024\/12\/PXL_20241210_120423454-768x1024.jpg",768,1024,true],"large":["https:\/\/fimfio.com\/wp-content\/uploads\/2024\/12\/PXL_20241210_120423454-768x1024.jpg",768,1024,true],"1536x1536":["https:\/\/fimfio.com\/wp-content\/uploads\/2024\/12\/PXL_20241210_120423454-1152x1536.jpg",1152,1536,true],"2048x2048":["https:\/\/fimfio.com\/wp-content\/uploads\/2024\/12\/PXL_20241210_120423454-1536x2048.jpg",1536,2048,true],"trp-custom-language-flag":["https:\/\/fimfio.com\/wp-content\/uploads\/2024\/12\/PXL_20241210_120423454-9x12.jpg",9,12,true],"woocommerce_thumbnail":["https:\/\/fimfio.com\/wp-content\/uploads\/2024\/12\/PXL_20241210_120423454-600x600.jpg",600,600,true],"woocommerce_single":["https:\/\/fimfio.com\/wp-content\/uploads\/2024\/12\/PXL_20241210_120423454-600x800.jpg",600,800,true],"woocommerce_gallery_thumbnail":["https:\/\/fimfio.com\/wp-content\/uploads\/2024\/12\/PXL_20241210_120423454-100x100.jpg",100,100,true]},"uagb_author_info":{"display_name":"admin","author_link":"https:\/\/fimfio.com\/en\/author\/"},"uagb_comment_info":0,"uagb_excerpt":"Unsere Tops sind das perfekte i-T\u00fcpfelchen f\u00fcr dein Outfit. Die weiche und hautfreundliche Merinowolle sorgt f\u00fcr ein luxuri\u00f6s weiches Tragegef\u00fchl und die hochwertige Verarbeitung garantiert lange Freude an diesem Kleidungsst\u00fcck. Das Top ist ein Wendetop, also beidseitig tragbar und bietet vielseitige Kombinationsm\u00f6glichkeiten: An kalten Tagen \u00fcber zum Beispiel einem Longsleeve, an warmen Tagen einfach solo.&hellip;","_links":{"self":[{"href":"https:\/\/fimfio.com\/en\/wp-json\/wp\/v2\/product\/4429","targetHints":{"allow":["GET"]}}],"collection":[{"href":"https:\/\/fimfio.com\/en\/wp-json\/wp\/v2\/product"}],"about":[{"href":"https:\/\/fimfio.com\/en\/wp-json\/wp\/v2\/types\/product"}],"replies":[{"embeddable":true,"href":"https:\/\/fimfio.com\/en\/wp-json\/wp\/v2\/comments?post=4429"}],"wp:featuredmedia":[{"embeddable":true,"href":"https:\/\/fimfio.com\/en\/wp-json\/wp\/v2\/media\/4432"}],"wp:attachment":[{"href":"https:\/\/fimfio.com\/en\/wp-json\/wp\/v2\/media?parent=4429"}],"wp:term":[{"taxonomy":"product_brand","embeddable":true,"href":"https:\/\/fimfio.com\/en\/wp-json\/wp\/v2\/product_brand?post=4429"},{"taxonomy":"product_cat","embeddable":true,"href":"https:\/\/fimfio.com\/en\/wp-json\/wp\/v2\/product_cat?post=4429"},{"taxonomy":"product_tag","embeddable":true,"href":"https:\/\/fimfio.com\/en\/wp-json\/wp\/v2\/product_tag?post=4429"}],"curies":[{"name":"wp","href":"https:\/\/api.w.org\/{rel}","templated":true}]}}